{"id":540,"date":"2014-12-09T21:00:47","date_gmt":"2014-12-09T20:00:47","guid":{"rendered":"https:\/\/mc-collection.com\/startsida\/?lang=en"},"modified":"2024-04-03T11:46:05","modified_gmt":"2024-04-03T09:46:05","slug":"startsida","status":"publish","type":"page","link":"https:\/\/mc-collection.com\/en\/","title":{"rendered":"Home"},"content":{"rendered":"<p>[et_pb_section admin_label=&#8221;section&#8221; fullwidth=&#8221;off&#8221; specialty=&#8221;off&#8221; background_image=&#8221;https:\/\/mc-collection.com\/wp-content\/uploads\/MC-Collection-Tid\u00f6-Slott-Hudqvarna-foto-Caroline-Romare.jpg&#8221; transparent_background=&#8221;off&#8221; allow_player_pause=&#8221;off&#8221; inner_shadow=&#8221;off&#8221; parallax=&#8221;off&#8221; parallax_method=&#8221;off&#8221; padding_mobile=&#8221;off&#8221; make_fullwidth=&#8221;off&#8221; use_custom_width=&#8221;off&#8221; width_unit=&#8221;on&#8221; make_equal=&#8221;off&#8221; use_custom_gutter=&#8221;off&#8221; module_class=&#8221;gen-start-hero-section gen-position-relative&#8221; background_color=&#8221;#ffffff&#8221;][et_pb_row admin_label=&#8221;row&#8221; make_fullwidth=&#8221;off&#8221; use_custom_width=&#8221;off&#8221; width_unit=&#8221;on&#8221; use_custom_gutter=&#8221;off&#8221; padding_mobile=&#8221;off&#8221; allow_player_pause=&#8221;off&#8221; parallax=&#8221;off&#8221; parallax_method=&#8221;off&#8221; make_equal=&#8221;off&#8221; parallax_1=&#8221;off&#8221; parallax_method_1=&#8221;off&#8221; column_padding_mobile=&#8221;on&#8221; module_class=&#8221;gen-position-static&#8221;][et_pb_column type=&#8221;4_4&#8243;][et_pb_text admin_label=&#8221;The exclusive collections&#8221; background_layout=&#8221;light&#8221; text_orientation=&#8221;left&#8221; use_border_color=&#8221;off&#8221; border_color=&#8221;#ffffff&#8221; border_style=&#8221;solid&#8221; module_class=&#8221;gen-vertical-align-middle gen-start-hero-text-container&#8221;]<\/p>\n<h1>One of the world&#8217;s most exclusive collections of motorcycles.<\/h1>\n<a class=\"gen-conversion-popup-anchor gen-conversion-button gen-cta-btn\" href=\"#\" data-target-id=\"1\">\n    Contact us<\/a>\n\n<p>[\/et_pb_text][\/et_pb_column][\/et_pb_row][\/et_pb_section][et_pb_section admin_label=&#8221;Sektion&#8221; fullwidth=&#8221;off&#8221; specialty=&#8221;off&#8221; transparent_background=&#8221;off&#8221; allow_player_pause=&#8221;off&#8221; inner_shadow=&#8221;off&#8221; parallax=&#8221;off&#8221; parallax_method=&#8221;off&#8221; padding_mobile=&#8221;off&#8221; make_fullwidth=&#8221;off&#8221; use_custom_width=&#8221;off&#8221; width_unit=&#8221;on&#8221; make_equal=&#8221;off&#8221; use_custom_gutter=&#8221;off&#8221; module_class=&#8221;gen-start-info-boxes-section&#8221; background_color=&#8221;#ffffff&#8221;][et_pb_row admin_label=&#8221;Rad&#8221; make_fullwidth=&#8221;off&#8221; use_custom_width=&#8221;off&#8221; width_unit=&#8221;on&#8221; use_custom_gutter=&#8221;on&#8221; gutter_width=&#8221;2&#8243; padding_mobile=&#8221;off&#8221; allow_player_pause=&#8221;off&#8221; parallax=&#8221;off&#8221; parallax_method=&#8221;off&#8221; make_equal=&#8221;off&#8221; parallax_1=&#8221;off&#8221; parallax_method_1=&#8221;off&#8221; parallax_2=&#8221;off&#8221; parallax_method_2=&#8221;off&#8221; column_padding_mobile=&#8221;on&#8221;][et_pb_column type=&#8221;2_3&#8243;][et_pb_text admin_label=&#8221;Welcome to MC Collection&#8221; background_layout=&#8221;light&#8221; text_orientation=&#8221;left&#8221; use_border_color=&#8221;off&#8221; border_color=&#8221;#ffffff&#8221; border_style=&#8221;solid&#8221;]<\/p>\n<h2>Welcome to MC Collection &amp;<br \/>\nTid\u00f6 Castle Bicycle Museum<\/h2>\n<p>In the beautiful Stone stable, built in 1891, at Tid\u00f6 Castle near V\u00e4ster\u00e5s, you will find a world-class motorcycle museum, MC Collection, with an outstanding collection of motorcycles from the beginning of the 20<sup>th<\/sup> century until today. Several exhibited motorcycles are connected to renowned people like competition drivers and motorcycle designers as well as ordinary drivers, and there is an extensive, informative display of pictures and photos. Every new season, changes are made in the exhibition and some motorcycles are replaced by new ones.<\/p>\n<p><strong>During 2023<\/strong><strong>\u00a0our theme exhibition is Triumph.<\/strong><\/p>\n<p>In the same building, the Stone stable, there is a cycling history cavalcade from early velocipedes of wood to today\u2019s modern special bikes of plastic and aluminum. Displayed is the story behind one of the world\u2019s smartest inventions, its history regarding design and technology.<\/p>\n<p>The exhibitions at the Stone stable, Tid\u00f6 castle are a lot of fun for everyone, not only experienced motorcyclists. On site, there is a caf\u00e9 which offers a wide selection of pastries, sandwiches, different beverages, and ice cream.\u00a0 There is also a shop with unique books and other rare items linked to the motorcycle culture.<\/p>\n<p>There are guided tours of the state rooms at Tid\u00f6 castle which you should preferably book in advance. Go to <a href=\"http:\/\/www.tidoslott.se\">www.tidoslott.se<\/a> for information on dates and times.<\/p>\n<p>Hopefully, you will experience a full day of fun for the whole family!<\/p>\n<p>A very warm welcome<\/p>\n<p>David von Schinkel<\/p>\n<p>[\/et_pb_text][et_pb_divider admin_label=&#8221;Avdelare&#8221; color=&#8221;#ffffff&#8221; show_divider=&#8221;off&#8221; divider_style=&#8221;solid&#8221; divider_position=&#8221;top&#8221; hide_on_mobile=&#8221;on&#8221; height=&#8221;5&#8243; locked=&#8221;on&#8221;]<\/p>\n<p>&nbsp;<\/p>\n<p>[\/et_pb_divider][et_pb_text admin_label=&#8221;Opening hours&#8221; background_layout=&#8221;light&#8221; text_orientation=&#8221;left&#8221; use_border_color=&#8221;off&#8221; border_color=&#8221;#ffffff&#8221; border_style=&#8221;solid&#8221;]<\/p>\n<div class='one_half'>\n\t\t\t\t\t<h4 class=\"gen-table-icons clock-icon\">Opening hours<\/h4>\n<p>The season 2024 opens on the 20 of April<\/p>\n<table>\n<tbody>\n<tr>\n<td>April &#8211; May:<\/td>\n<td><strong>Saturday &#8211; Sunday 10 am &#8211; 5 pm<\/strong><\/td>\n<\/tr>\n<tr>\n<td>June &#8211; August:<\/td>\n<td><span class=\"gen-bold\"><strong>Tuesday &#8211; Sunday 10 am &#8211; 5 pm<\/strong><\/span><\/td>\n<\/tr>\n<tr>\n<td>September &#8211; October<\/td>\n<td><strong>Saturday &#8211; Sunday 10 am &#8211; 5 pm<\/strong><\/td>\n<\/tr>\n<\/tbody>\n<\/table>\n<p>Groups are welcome all year around. For booking, contact <a href=\"mailto:info@mc-collection.com\">info@mc-collection.com<\/a><\/p>\n\t\t\t\t<\/div><div class='one_half et_column_last'>\n\t\t\t\t\t<h4 class=\"gen-table-icons map-icon\">Address<\/h4>\n<table>\n<tbody>\n<tr>\n<td><strong>MC Collection<\/strong><\/td>\n<\/tr>\n<tr>\n<td>Tid\u00f6 Slott<\/td>\n<\/tr>\n<tr>\n<td>725 92 V\u00e4ster\u00e5s<\/td>\n<\/tr>\n<\/tbody>\n<\/table>\n\t\t\t\t<\/div><div class='clear'><\/div><\/p>\n<p>[\/et_pb_text][et_pb_text admin_label=&#8221;Contact us&#8221; background_layout=&#8221;light&#8221; text_orientation=&#8221;left&#8221; use_border_color=&#8221;off&#8221; border_color=&#8221;#ffffff&#8221; border_style=&#8221;solid&#8221;]<\/p>\n<div class='one_half'>\n\t\t\t\t\t<h4 class=\"gen-table-icons phone-icon\">Contact us<\/h4>\n<table>\n<tbody>\n<tr>\n<td>Phone <a href=\"tel:08350707\">0700-039373<\/a><\/td>\n<\/tr>\n<tr>\n<td>E-mail <a href=\"mailto:info@mc-collection.com\">info@mc-collection.com<\/a><\/td>\n<\/tr>\n<tr>\n<td>Get a call <a class=\"gen-conversion-popup-anchor gen-conversion-button gen-cta-btn-text gen-inline-block\" href=\"#\" data-target-id=\"2\">\n    Contact us<\/a>\n<\/p>\n<h2><\/h2>\n<p>&nbsp;<\/p>\n<div class=\"gen-book-popup-form-left\">\n<h2>Book MC-Collection<\/h2>\n<p>MC Collections locale(s) are exceptional and will enhance the visitor experience for a variety of different events. You and your guests will leave in fascination after experiencing an exciting and exclusive collection of motorcycles in a distinct environment. We personally tailor your event to your unique needs catering for groups above 20 pers.<\/p>\n<p>We&#8217;ll even arrange a guided tour of our exhibitions and collections for your events if you so chose.<\/p>\n<p>Contact us for more information.\n<a href=\"mailto:info@mc-collection.com\">info@mc-collection.com<\/a>\n<a href=\"tel:08350707\">0700-039373<\/a><\/p>\n<\/div>\n<\/td>\n<\/tr>\n<\/tbody>\n<\/table>\n\t\t\t\t<\/div><div class='one_half et_column_last'>\n\t\t\t\t\t<h4 class=\"gen-table-icons coffe-icon\">Caf\u00e9 &amp; store<\/h4>\n<p>Welcome to enjoy a coffee break in our caf\u00e9, or visit our shop full of gadgets that are linked to the motorcycle culture.<\/p>\n\t\t\t\t<\/div><div class='clear'><\/div><\/p>\n<p>[\/et_pb_text][et_pb_text admin_label=&#8221;Priser&#8221; background_layout=&#8221;light&#8221; text_orientation=&#8221;left&#8221; use_border_color=&#8221;off&#8221; border_color=&#8221;#ffffff&#8221; border_style=&#8221;solid&#8221;]<\/p>\n<h4>Prices<\/h4>\n<table>\n<tbody>\n<tr>\n<td>Adults: 150<span class=\"gen-bold\">\u00a0kr<\/span><\/td>\n<\/tr>\n<tr>\n<td>Seniors\/Students: 130<span class=\"gen-bold\">\u00a0kr<\/span><\/td>\n<\/tr>\n<tr>\n<td>Children 8-18 years: 90<span class=\"gen-bold\">\u00a0kr<\/span><\/td>\n<\/tr>\n<tr>\n<td>Groups of at least 20 people: 130<span class=\"gen-bold\">\u00a0kr<\/span><\/td>\n<\/tr>\n<tr>\n<td>Payment is made by card or swish (Cash is not accepted)<\/p>\n<p>.<\/td>\n<\/tr>\n<\/tbody>\n<\/table>\n<p>&nbsp;<\/p>\n<p>[\/et_pb_text][\/et_pb_column][et_pb_column type=&#8221;1_3&#8243;][et_pb_image admin_label=&#8221;Bild&#8221; src=&#8221;https:\/\/mc-collection.com\/wp-content\/uploads\/MC-Collection-Foto-Ralf-Turander-10.png&#8221; show_in_lightbox=&#8221;off&#8221; url_new_window=&#8221;off&#8221; use_overlay=&#8221;off&#8221; animation=&#8221;off&#8221; sticky=&#8221;off&#8221; align=&#8221;left&#8221; force_fullwidth=&#8221;off&#8221; always_center_on_mobile=&#8221;on&#8221; use_border_color=&#8221;off&#8221; border_color=&#8221;#ffffff&#8221; border_style=&#8221;solid&#8221; disabled=&#8221;off&#8221; disabled_on=&#8221;on|on|&#8221;]<\/p>\n<p>&nbsp;<\/p>\n<p>[\/et_pb_image][et_pb_image admin_label=&#8221;Bild&#8221; src=&#8221;https:\/\/mc-collection.com\/wp-content\/uploads\/MC-Collection-Tid\u00f6-Slott-Utst\u00e4llningen-4.jpg&#8221; show_in_lightbox=&#8221;off&#8221; url_new_window=&#8221;off&#8221; use_overlay=&#8221;off&#8221; animation=&#8221;off&#8221; sticky=&#8221;off&#8221; align=&#8221;left&#8221; force_fullwidth=&#8221;off&#8221; always_center_on_mobile=&#8221;on&#8221; use_border_color=&#8221;off&#8221; border_color=&#8221;#ffffff&#8221; border_style=&#8221;solid&#8221;]<\/p>\n<p>&nbsp;<\/p>\n<p>[\/et_pb_image][\/et_pb_column][\/et_pb_row][\/et_pb_section][et_pb_section admin_label=&#8221;Sektion&#8221; fullwidth=&#8221;off&#8221; specialty=&#8221;off&#8221; transparent_background=&#8221;off&#8221; allow_player_pause=&#8221;off&#8221; inner_shadow=&#8221;off&#8221; parallax=&#8221;off&#8221; parallax_method=&#8221;off&#8221; padding_mobile=&#8221;off&#8221; make_fullwidth=&#8221;off&#8221; use_custom_width=&#8221;off&#8221; width_unit=&#8221;on&#8221; make_equal=&#8221;off&#8221; use_custom_gutter=&#8221;off&#8221; module_class=&#8221;gen-footer-section&#8221;][et_pb_row admin_label=&#8221;Rad&#8221;][et_pb_column type=&#8221;1_2&#8243;][\/et_pb_column][et_pb_column type=&#8221;1_2&#8243;][\/et_pb_column][\/et_pb_row][\/et_pb_section]<\/p>\n","protected":false},"excerpt":{"rendered":"<p>[et_pb_section admin_label=&#8221;section&#8221; fullwidth=&#8221;off&#8221; specialty=&#8221;off&#8221; background_image=&#8221;https:\/\/mc-collection.com\/wp-content\/uploads\/MC-Collection-Tid\u00f6-Slott-Hudqvarna-foto-Caroline-Romare.jpg&#8221; transparent_background=&#8221;off&#8221; allow_player_pause=&#8221;off&#8221; inner_shadow=&#8221;off&#8221; parallax=&#8221;off&#8221; parallax_method=&#8221;off&#8221; padding_mobile=&#8221;off&#8221; make_fullwidth=&#8221;off&#8221; use_custom_width=&#8221;off&#8221; width_unit=&#8221;on&#8221; make_equal=&#8221;off&#8221; use_custom_gutter=&#8221;off&#8221; module_class=&#8221;gen-start-hero-section gen-position-relative&#8221; background_color=&#8221;#ffffff&#8221;][et_pb_row admin_label=&#8221;row&#8221; make_fullwidth=&#8221;off&#8221; use_custom_width=&#8221;off&#8221; width_unit=&#8221;on&#8221; use_custom_gutter=&#8221;off&#8221; padding_mobile=&#8221;off&#8221; allow_player_pause=&#8221;off&#8221; parallax=&#8221;off&#8221; parallax_method=&#8221;off&#8221; make_equal=&#8221;off&#8221; parallax_1=&#8221;off&#8221; parallax_method_1=&#8221;off&#8221; column_padding_mobile=&#8221;on&#8221; module_class=&#8221;gen-position-static&#8221;][et_pb_column type=&#8221;4_4&#8243;][et_pb_text admin_label=&#8221;The exclusive collections&#8221; background_layout=&#8221;light&#8221; text_orientation=&#8221;left&#8221; use_border_color=&#8221;off&#8221; border_color=&#8221;#ffffff&#8221; border_style=&#8221;solid&#8221; module_class=&#8221;gen-vertical-align-middle gen-start-hero-text-container&#8221;] One of the world&#8217;s most exclusive collections of motorcycles. [\/et_pb_text][\/et_pb_column][\/et_pb_row][\/et_pb_section][et_pb_section admin_label=&#8221;Sektion&#8221;<\/p>\n","protected":false},"author":1,"featured_media":0,"parent":0,"menu_order":0,"comment_status":"open","ping_status":"closed","template":"","meta":[],"yoast_head":"<!-- This site is optimized with the Yoast SEO plugin v20.2.1 - https:\/\/yoast.com\/wordpress\/plugins\/seo\/ -->\n<title>Home - MC Collection<\/title>\n<meta name=\"robots\" content=\"index, follow, max-snippet:-1, max-image-preview:large, max-video-preview:-1\" \/>\n<link rel=\"canonical\" href=\"https:\/\/mc-collection.com\/en\/\" \/>\n<meta property=\"og:locale\" content=\"en_US\" \/>\n<meta property=\"og:type\" content=\"article\" \/>\n<meta property=\"og:title\" content=\"Home - MC Collection\" \/>\n<meta property=\"og:description\" content=\"[et_pb_section admin_label=&#8221;section&#8221; fullwidth=&#8221;off&#8221; specialty=&#8221;off&#8221; background_image=&#8221;https:\/\/mc-collection.com\/wp-content\/uploads\/MC-Collection-Tid\u00f6-Slott-Hudqvarna-foto-Caroline-Romare.jpg&#8221; transparent_background=&#8221;off&#8221; allow_player_pause=&#8221;off&#8221; inner_shadow=&#8221;off&#8221; parallax=&#8221;off&#8221; parallax_method=&#8221;off&#8221; padding_mobile=&#8221;off&#8221; make_fullwidth=&#8221;off&#8221; use_custom_width=&#8221;off&#8221; width_unit=&#8221;on&#8221; make_equal=&#8221;off&#8221; use_custom_gutter=&#8221;off&#8221; module_class=&#8221;gen-start-hero-section gen-position-relative&#8221; background_color=&#8221;#ffffff&#8221;][et_pb_row admin_label=&#8221;row&#8221; make_fullwidth=&#8221;off&#8221; use_custom_width=&#8221;off&#8221; width_unit=&#8221;on&#8221; use_custom_gutter=&#8221;off&#8221; padding_mobile=&#8221;off&#8221; allow_player_pause=&#8221;off&#8221; parallax=&#8221;off&#8221; parallax_method=&#8221;off&#8221; make_equal=&#8221;off&#8221; parallax_1=&#8221;off&#8221; parallax_method_1=&#8221;off&#8221; column_padding_mobile=&#8221;on&#8221; module_class=&#8221;gen-position-static&#8221;][et_pb_column type=&#8221;4_4&#8243;][et_pb_text admin_label=&#8221;The exclusive collections&#8221; background_layout=&#8221;light&#8221; text_orientation=&#8221;left&#8221; use_border_color=&#8221;off&#8221; border_color=&#8221;#ffffff&#8221; border_style=&#8221;solid&#8221; module_class=&#8221;gen-vertical-align-middle gen-start-hero-text-container&#8221;] One of the world&#8217;s most exclusive collections of motorcycles. [\/et_pb_text][\/et_pb_column][\/et_pb_row][\/et_pb_section][et_pb_section admin_label=&#8221;Sektion&#8221;\" \/>\n<meta property=\"og:url\" content=\"https:\/\/mc-collection.com\/en\/\" \/>\n<meta property=\"og:site_name\" content=\"MC Collection\" \/>\n<meta property=\"article:modified_time\" content=\"2024-04-03T09:46:05+00:00\" \/>\n<meta name=\"twitter:label1\" content=\"Est. reading time\" \/>\n\t<meta name=\"twitter:data1\" content=\"4 minutes\" \/>\n<script type=\"application\/ld+json\" class=\"yoast-schema-graph\">{\"@context\":\"https:\/\/schema.org\",\"@graph\":[{\"@type\":\"WebPage\",\"@id\":\"https:\/\/mc-collection.com\/en\/\",\"url\":\"https:\/\/mc-collection.com\/en\/\",\"name\":\"Home - MC Collection\",\"isPartOf\":{\"@id\":\"https:\/\/mc-collection.com\/#website\"},\"datePublished\":\"2014-12-09T20:00:47+00:00\",\"dateModified\":\"2024-04-03T09:46:05+00:00\",\"breadcrumb\":{\"@id\":\"https:\/\/mc-collection.com\/en\/#breadcrumb\"},\"inLanguage\":\"en-US\",\"potentialAction\":[{\"@type\":\"ReadAction\",\"target\":[\"https:\/\/mc-collection.com\/en\/\"]}]},{\"@type\":\"BreadcrumbList\",\"@id\":\"https:\/\/mc-collection.com\/en\/#breadcrumb\",\"itemListElement\":[{\"@type\":\"ListItem\",\"position\":1,\"name\":\"Hem\",\"item\":\"https:\/\/mc-collection.com\/en\/\"},{\"@type\":\"ListItem\",\"position\":2,\"name\":\"Home\"}]},{\"@type\":\"WebSite\",\"@id\":\"https:\/\/mc-collection.com\/#website\",\"url\":\"https:\/\/mc-collection.com\/\",\"name\":\"MC Collection\",\"description\":\"\",\"potentialAction\":[{\"@type\":\"SearchAction\",\"target\":{\"@type\":\"EntryPoint\",\"urlTemplate\":\"https:\/\/mc-collection.com\/?s={search_term_string}\"},\"query-input\":\"required name=search_term_string\"}],\"inLanguage\":\"en-US\"}]}<\/script>\n<!-- \/ Yoast SEO plugin. -->","yoast_head_json":{"title":"Home - MC Collection","robots":{"index":"index","follow":"follow","max-snippet":"max-snippet:-1","max-image-preview":"max-image-preview:large","max-video-preview":"max-video-preview:-1"},"canonical":"https:\/\/mc-collection.com\/en\/","og_locale":"en_US","og_type":"article","og_title":"Home - MC Collection","og_description":"[et_pb_section admin_label=&#8221;section&#8221; fullwidth=&#8221;off&#8221; specialty=&#8221;off&#8221; background_image=&#8221;https:\/\/mc-collection.com\/wp-content\/uploads\/MC-Collection-Tid\u00f6-Slott-Hudqvarna-foto-Caroline-Romare.jpg&#8221; transparent_background=&#8221;off&#8221; allow_player_pause=&#8221;off&#8221; inner_shadow=&#8221;off&#8221; parallax=&#8221;off&#8221; parallax_method=&#8221;off&#8221; padding_mobile=&#8221;off&#8221; make_fullwidth=&#8221;off&#8221; use_custom_width=&#8221;off&#8221; width_unit=&#8221;on&#8221; make_equal=&#8221;off&#8221; use_custom_gutter=&#8221;off&#8221; module_class=&#8221;gen-start-hero-section gen-position-relative&#8221; background_color=&#8221;#ffffff&#8221;][et_pb_row admin_label=&#8221;row&#8221; make_fullwidth=&#8221;off&#8221; use_custom_width=&#8221;off&#8221; width_unit=&#8221;on&#8221; use_custom_gutter=&#8221;off&#8221; padding_mobile=&#8221;off&#8221; allow_player_pause=&#8221;off&#8221; parallax=&#8221;off&#8221; parallax_method=&#8221;off&#8221; make_equal=&#8221;off&#8221; parallax_1=&#8221;off&#8221; parallax_method_1=&#8221;off&#8221; column_padding_mobile=&#8221;on&#8221; module_class=&#8221;gen-position-static&#8221;][et_pb_column type=&#8221;4_4&#8243;][et_pb_text admin_label=&#8221;The exclusive collections&#8221; background_layout=&#8221;light&#8221; text_orientation=&#8221;left&#8221; use_border_color=&#8221;off&#8221; border_color=&#8221;#ffffff&#8221; border_style=&#8221;solid&#8221; module_class=&#8221;gen-vertical-align-middle gen-start-hero-text-container&#8221;] One of the world&#8217;s most exclusive collections of motorcycles. [\/et_pb_text][\/et_pb_column][\/et_pb_row][\/et_pb_section][et_pb_section admin_label=&#8221;Sektion&#8221;","og_url":"https:\/\/mc-collection.com\/en\/","og_site_name":"MC Collection","article_modified_time":"2024-04-03T09:46:05+00:00","twitter_misc":{"Est. reading time":"4 minutes"},"schema":{"@context":"https:\/\/schema.org","@graph":[{"@type":"WebPage","@id":"https:\/\/mc-collection.com\/en\/","url":"https:\/\/mc-collection.com\/en\/","name":"Home - MC Collection","isPartOf":{"@id":"https:\/\/mc-collection.com\/#website"},"datePublished":"2014-12-09T20:00:47+00:00","dateModified":"2024-04-03T09:46:05+00:00","breadcrumb":{"@id":"https:\/\/mc-collection.com\/en\/#breadcrumb"},"inLanguage":"en-US","potentialAction":[{"@type":"ReadAction","target":["https:\/\/mc-collection.com\/en\/"]}]},{"@type":"BreadcrumbList","@id":"https:\/\/mc-collection.com\/en\/#breadcrumb","itemListElement":[{"@type":"ListItem","position":1,"name":"Hem","item":"https:\/\/mc-collection.com\/en\/"},{"@type":"ListItem","position":2,"name":"Home"}]},{"@type":"WebSite","@id":"https:\/\/mc-collection.com\/#website","url":"https:\/\/mc-collection.com\/","name":"MC Collection","description":"","potentialAction":[{"@type":"SearchAction","target":{"@type":"EntryPoint","urlTemplate":"https:\/\/mc-collection.com\/?s={search_term_string}"},"query-input":"required name=search_term_string"}],"inLanguage":"en-US"}]}},"_links":{"self":[{"href":"https:\/\/mc-collection.com\/en\/wp-json\/wp\/v2\/pages\/540"}],"collection":[{"href":"https:\/\/mc-collection.com\/en\/wp-json\/wp\/v2\/pages"}],"about":[{"href":"https:\/\/mc-collection.com\/en\/wp-json\/wp\/v2\/types\/page"}],"author":[{"embeddable":true,"href":"https:\/\/mc-collection.com\/en\/wp-json\/wp\/v2\/users\/1"}],"replies":[{"embeddable":true,"href":"https:\/\/mc-collection.com\/en\/wp-json\/wp\/v2\/comments?post=540"}],"version-history":[{"count":17,"href":"https:\/\/mc-collection.com\/en\/wp-json\/wp\/v2\/pages\/540\/revisions"}],"predecessor-version":[{"id":2572,"href":"https:\/\/mc-collection.com\/en\/wp-json\/wp\/v2\/pages\/540\/revisions\/2572"}],"wp:attachment":[{"href":"https:\/\/mc-collection.com\/en\/wp-json\/wp\/v2\/media?parent=540"}],"curies":[{"name":"wp","href":"https:\/\/api.w.org\/{rel}","templated":true}]}}